{"id":1086,"date":"2023-06-30T10:32:12","date_gmt":"2023-06-30T10:32:12","guid":{"rendered":"https:\/\/arcolares.com\/colares-winery\/"},"modified":"2024-11-07T18:22:27","modified_gmt":"2024-11-07T18:22:27","slug":"colares-winery","status":"publish","type":"page","link":"https:\/\/arcolares.com\/en\/colares-winery\/","title":{"rendered":"Colares Winery"},"content":{"rendered":"\t\t<div data-elementor-type=\"wp-page\" data-elementor-id=\"1086\" class=\"elementor elementor-1086 elementor-94\" data-elementor-post-type=\"page\">\n\t\t\t\t<div class=\"elementor-element elementor-element-9250856 e-flex e-con-boxed e-con e-parent\" data-id=\"9250856\" data-element_type=\"container\" data-e-type=\"container\" data-settings=\"{&quot;background_background&quot;:&quot;classic&quot;,&quot;jet_parallax_layout_list&quot;:[]}\">\n\t\t\t\t\t<div class=\"e-con-inner\">\n\t\t\t\t<div class=\"elementor-element elementor-element-04f2d94 elementor-widget elementor-widget-heading\" data-id=\"04f2d94\" data-element_type=\"widget\" data-e-type=\"widget\" data-widget_type=\"heading.default\">\n\t\t\t\t\t<h1 class=\"elementor-heading-title elementor-size-default\">Colares Winery<\/h1>\t\t\t\t<\/div>\n\t\t\t\t\t<\/div>\n\t\t\t\t<\/div>\n\t\t<div class=\"elementor-element elementor-element-90d1167 e-flex e-con-boxed e-con e-parent\" data-id=\"90d1167\" data-element_type=\"container\" data-e-type=\"container\" data-settings=\"{&quot;background_background&quot;:&quot;classic&quot;,&quot;jet_parallax_layout_list&quot;:[]}\">\n\t\t\t\t\t<div class=\"e-con-inner\">\n\t\t<div class=\"elementor-element elementor-element-aafa532 e-con-full e-flex e-con e-child\" data-id=\"aafa532\" data-element_type=\"container\" data-e-type=\"container\" data-settings=\"{&quot;jet_parallax_layout_list&quot;:[]}\">\n\t\t<div class=\"elementor-element elementor-element-2816291 elementor-hidden-tablet elementor-hidden-mobile e-flex e-con-boxed e-con e-child\" data-id=\"2816291\" data-element_type=\"container\" data-e-type=\"container\" data-settings=\"{&quot;background_background&quot;:&quot;classic&quot;,&quot;jet_parallax_layout_list&quot;:[]}\">\n\t\t\t\t\t<div class=\"e-con-inner\">\n\t\t\t\t\t<\/div>\n\t\t\t\t<\/div>\n\t\t<div class=\"elementor-element elementor-element-5f215fb e-flex e-con-boxed e-con e-child\" data-id=\"5f215fb\" data-element_type=\"container\" data-e-type=\"container\" data-settings=\"{&quot;background_background&quot;:&quot;classic&quot;,&quot;jet_parallax_layout_list&quot;:[]}\">\n\t\t\t\t\t<div class=\"e-con-inner\">\n\t\t\t\t<div class=\"elementor-element elementor-element-034c88e elementor-widget elementor-widget-heading\" data-id=\"034c88e\" data-element_type=\"widget\" data-e-type=\"widget\" data-widget_type=\"heading.default\">\n\t\t\t\t\t<h2 class=\"elementor-heading-title elementor-size-default\">Since 1931<\/h2>\t\t\t\t<\/div>\n\t\t\t\t<div class=\"elementor-element elementor-element-522dd01 elementor-widget elementor-widget-heading\" data-id=\"522dd01\" data-element_type=\"widget\" data-e-type=\"widget\" data-widget_type=\"heading.default\">\n\t\t\t\t\t<h2 class=\"elementor-heading-title elementor-size-default\">Portugal's oldest cooperative winery!<\/h2>\t\t\t\t<\/div>\n\t\t\t\t<div class=\"elementor-element elementor-element-d85f76b elementor-widget-divider--view-line elementor-widget elementor-widget-divider\" data-id=\"d85f76b\" data-element_type=\"widget\" data-e-type=\"widget\" data-widget_type=\"divider.default\">\n\t\t\t\t\t\t\t<div class=\"elementor-divider\">\n\t\t\t<span class=\"elementor-divider-separator\">\n\t\t\t\t\t\t<\/span>\n\t\t<\/div>\n\t\t\t\t\t\t<\/div>\n\t\t\t\t<div class=\"elementor-element elementor-element-8c10899 elementor-widget elementor-widget-text-editor\" data-id=\"8c10899\" data-element_type=\"widget\" data-e-type=\"widget\" data-widget_type=\"text-editor.default\">\n\t\t\t\t\t\t\t\t\t<p>Since 1931, the main purpose of this cooperative has been to make wine from the grapes grown on its members&#8217; farms, using the appropriate means and techniques, thus fulfilling an important social function in the agricultural sector in the municipality of Sintra. The winery is very close to its members through technical assistance to winegrowers and support for their activity. With such an ancient tradition and remarkable typicity, the vines and wine of the Colares region are a true living museum and an ex-libris of the region. Their problems and their survival transcend the mere scope of the economy and become a cultural issue. Our main objective is the protection and preservation of the Colares Wine Culture.<\/p>\n\t\t\t\t\t\t\t\t<\/div>\n\t\t\t\t\t<\/div>\n\t\t\t\t<\/div>\n\t\t\t\t<\/div>\n\t\t<div class=\"elementor-element elementor-element-5c0bdcc e-flex e-con-boxed e-con e-child\" data-id=\"5c0bdcc\" data-element_type=\"container\" data-e-type=\"container\" data-settings=\"{&quot;jet_parallax_layout_list&quot;:[]}\">\n\t\t\t\t\t<div class=\"e-con-inner\">\n\t\t\t\t<div class=\"elementor-element elementor-element-6c8167c elementor-widget elementor-widget-heading\" data-id=\"6c8167c\" data-element_type=\"widget\" data-e-type=\"widget\" data-widget_type=\"heading.default\">\n\t\t\t\t\t<h2 class=\"elementor-heading-title elementor-size-default\">Explore<\/h2>\t\t\t\t<\/div>\n\t\t\t\t<div class=\"elementor-element elementor-element-ef2e794 elementor-widget elementor-widget-heading\" data-id=\"ef2e794\" data-element_type=\"widget\" data-e-type=\"widget\" data-widget_type=\"heading.default\">\n\t\t\t\t\t<h2 class=\"elementor-heading-title elementor-size-default\">Our history<\/h2>\t\t\t\t<\/div>\n\t\t\t\t\t<\/div>\n\t\t\t\t<\/div>\n\t\t<div class=\"elementor-element elementor-element-2d72b57 e-con-full e-flex e-con e-child\" data-id=\"2d72b57\" data-element_type=\"container\" data-e-type=\"container\" data-settings=\"{&quot;background_background&quot;:&quot;classic&quot;,&quot;jet_parallax_layout_list&quot;:[]}\">\n\t\t<div class=\"elementor-element elementor-element-71d6d94 e-con-full e-flex e-con e-child\" data-id=\"71d6d94\" data-element_type=\"container\" data-e-type=\"container\" data-settings=\"{&quot;background_background&quot;:&quot;classic&quot;,&quot;jet_parallax_layout_list&quot;:[]}\">\n\t\t\t\t<div class=\"elementor-element elementor-element-ac5eeda elementor-widget elementor-widget-heading\" data-id=\"ac5eeda\" data-element_type=\"widget\" data-e-type=\"widget\" data-widget_type=\"heading.default\">\n\t\t\t\t\t<h2 class=\"elementor-heading-title elementor-size-default\">1931<\/h2>\t\t\t\t<\/div>\n\t\t\t\t<div class=\"elementor-element elementor-element-c11feda elementor-widget elementor-widget-heading\" data-id=\"c11feda\" data-element_type=\"widget\" data-e-type=\"widget\" data-widget_type=\"heading.default\">\n\t\t\t\t\t<h3 class=\"elementor-heading-title elementor-size-default\">Foundation<\/h3>\t\t\t\t<\/div>\n\t\t\t\t<div class=\"elementor-element elementor-element-0fba4e0 elementor-widget elementor-widget-text-editor\" data-id=\"0fba4e0\" data-element_type=\"widget\" data-e-type=\"widget\" data-widget_type=\"text-editor.default\">\n\t\t\t\t\t\t\t\t\t<p>Founded in 1931, the Adega Regional de Colares currently brings together more than 50% of the region&#8217;s production and more than 90% of the producers. The building is imposing, and its interior is stunning due to its size and the number of barrels it houses, making it the quintessential wooden ageing and maturing area in this Demarcated Region. This cooperative winery has always been considered a national drawcard and a historic building in the Sintra region. Prominent figures from national and international politics and culture have passed through here, especially at meals, parties, wine tastings, etc., which are still organized in its main nave today.<\/p>\n\t\t\t\t\t\t\t\t<\/div>\n\t\t\t\t<\/div>\n\t\t\t\t<\/div>\n\t\t\t\t\t<\/div>\n\t\t\t\t<\/div>\n\t\t<div class=\"elementor-element elementor-element-a7c4c38 e-flex e-con-boxed e-con e-parent\" data-id=\"a7c4c38\" data-element_type=\"container\" data-e-type=\"container\" data-settings=\"{&quot;jet_parallax_layout_list&quot;:[]}\">\n\t\t\t\t\t<div class=\"e-con-inner\">\n\t\t<div class=\"elementor-element elementor-element-ab718d0 e-flex e-con-boxed e-con e-child\" data-id=\"ab718d0\" data-element_type=\"container\" data-e-type=\"container\" data-settings=\"{&quot;background_background&quot;:&quot;classic&quot;,&quot;jet_parallax_layout_list&quot;:[]}\">\n\t\t\t\t\t<div class=\"e-con-inner\">\n\t\t\t\t<div class=\"elementor-element elementor-element-d3ed61d elementor-widget elementor-widget-heading\" data-id=\"d3ed61d\" data-element_type=\"widget\" data-e-type=\"widget\" data-widget_type=\"heading.default\">\n\t\t\t\t\t<h2 class=\"elementor-heading-title elementor-size-default\">Get to know<\/h2>\t\t\t\t<\/div>\n\t\t\t\t<div class=\"elementor-element elementor-element-650c9db elementor-widget elementor-widget-heading\" data-id=\"650c9db\" data-element_type=\"widget\" data-e-type=\"widget\" data-widget_type=\"heading.default\">\n\t\t\t\t\t<h2 class=\"elementor-heading-title elementor-size-default\">The Team<\/h2>\t\t\t\t<\/div>\n\t\t\t\t<div class=\"elementor-element elementor-element-371f169 elementor-widget-divider--view-line elementor-widget elementor-widget-divider\" data-id=\"371f169\" data-element_type=\"widget\" data-e-type=\"widget\" data-widget_type=\"divider.default\">\n\t\t\t\t\t\t\t<div class=\"elementor-divider\">\n\t\t\t<span class=\"elementor-divider-separator\">\n\t\t\t\t\t\t<\/span>\n\t\t<\/div>\n\t\t\t\t\t\t<\/div>\n\t\t\t\t\t<\/div>\n\t\t\t\t<\/div>\n\t\t<div class=\"elementor-element elementor-element-1266d5c e-flex e-con-boxed e-con e-child\" data-id=\"1266d5c\" data-element_type=\"container\" data-e-type=\"container\" data-settings=\"{&quot;background_background&quot;:&quot;classic&quot;,&quot;jet_parallax_layout_list&quot;:[]}\">\n\t\t\t\t\t<div class=\"e-con-inner\">\n\t\t\t\t<div class=\"elementor-element elementor-element-f58ea28 elementor-widget elementor-widget-text-editor\" data-id=\"f58ea28\" data-element_type=\"widget\" data-e-type=\"widget\" data-widget_type=\"text-editor.default\">\n\t\t\t\t\t\t\t\t\t<p>Paying homage to the teams of the past, who have looked after this heritage to this day, we present the team of the present, heir to the tradition and philosophy of this emblematic house of Portuguese wine-growing heritage.<\/p>\n\t\t\t\t\t\t\t\t<\/div>\n\t\t\t\t\t<\/div>\n\t\t\t\t<\/div>\n\t\t<div class=\"elementor-element elementor-element-b75d3a4 e-con-full e-flex e-con e-child\" data-id=\"b75d3a4\" data-element_type=\"container\" data-e-type=\"container\" data-settings=\"{&quot;jet_parallax_layout_list&quot;:[]}\">\n\t\t\t\t<div class=\"elementor-element elementor-element-4f6562e elementor-widget elementor-widget-heading\" data-id=\"4f6562e\" data-element_type=\"widget\" data-e-type=\"widget\" data-widget_type=\"heading.default\">\n\t\t\t\t\t<h6 class=\"elementor-heading-title elementor-size-default\">Winegrowers<\/h6>\t\t\t\t<\/div>\n\t\t\t\t<div class=\"elementor-element elementor-element-4e59106 elementor-widget elementor-widget-text-editor\" data-id=\"4e59106\" data-element_type=\"widget\" data-e-type=\"widget\" data-widget_type=\"text-editor.default\">\n\t\t\t\t\t\t\t\t\t<p>The most important perpetuators of Colares&#8217; heroic viticulture: Ana L\u00eddia Viana, Ant\u00f3nio Paulo da Silva, Iria Clemente, Filipe Chiolas, Jo\u00e3o e Jos\u00e9 Corvo, Joaquim Clemente, Jos\u00e9 Fonseca Franco, Jos\u00e9 Sequeira, Jos\u00e9 Neves Vicente, Jos\u00e9 Vicente Paulo, Rui Estev\u00e3o, Cenintel (Escola Profissional B. Vasconcelos).<\/p>\n<p><strong>Administration<\/strong>: Jos\u00e9 Vicente Paulo<\/p>\n<p><strong>Oenology<\/strong>: Francisco Figueiredo  <\/p>\n<p><strong>Wine tourism<\/strong>: Pedro Lobo Gaspar<\/p>\n<p><strong>Administrative and Store Support Manager<\/strong>: Joana Palma<\/p>\n<p><strong>Commercial<\/strong>: Jo\u00e3o Paix\u00e3o<\/p>\n<p><strong>Operational<\/strong>: Rosa Correia<\/p>\n\t\t\t\t\t\t\t\t<\/div>\n\t\t\t\t<\/div>\n\t\t\t\t\t<\/div>\n\t\t\t\t<\/div>\n\t\t\t\t<\/div>\n\t\t","protected":false},"excerpt":{"rendered":"<p>Since 1931 Portugal&#8217;s oldest cooperative winery! Since 1931, the main purpose of this cooperative has been to make wine from the grapes grown on its members&#8217; farms, using the appropriate means and techniques, thus fulfilling an important social function in the agricultural sector in the municipality of Sintra. The winery is very close to its [&hellip;]<\/p>\n","protected":false},"author":1,"featured_media":0,"parent":0,"menu_order":0,"comment_status":"closed","ping_status":"closed","template":"","meta":{"footnotes":""},"class_list":["post-1086","page","type-page","status-publish","hentry"],"_links":{"self":[{"href":"https:\/\/arcolares.com\/en\/wp-json\/wp\/v2\/pages\/1086","targetHints":{"allow":["GET"]}}],"collection":[{"href":"https:\/\/arcolares.com\/en\/wp-json\/wp\/v2\/pages"}],"about":[{"href":"https:\/\/arcolares.com\/en\/wp-json\/wp\/v2\/types\/page"}],"author":[{"embeddable":true,"href":"https:\/\/arcolares.com\/en\/wp-json\/wp\/v2\/users\/1"}],"replies":[{"embeddable":true,"href":"https:\/\/arcolares.com\/en\/wp-json\/wp\/v2\/comments?post=1086"}],"version-history":[{"count":0,"href":"https:\/\/arcolares.com\/en\/wp-json\/wp\/v2\/pages\/1086\/revisions"}],"wp:attachment":[{"href":"https:\/\/arcolares.com\/en\/wp-json\/wp\/v2\/media?parent=1086"}],"curies":[{"name":"wp","href":"https:\/\/api.w.org\/{rel}","templated":true}]}}